{"id":25,"date":"2025-05-09T14:06:30","date_gmt":"2025-05-09T14:06:30","guid":{"rendered":"https:\/\/tagesmutter.familiesteinbrecher.de\/?page_id=25"},"modified":"2025-05-09T14:07:09","modified_gmt":"2025-05-09T14:07:09","slug":"impressum","status":"publish","type":"page","link":"https:\/\/tagesmutter.familiesteinbrecher.de\/index.php\/impressum\/","title":{"rendered":"Impressum"},"content":{"rendered":"<div class=\"ce_text first block\">\n<p>Anbieterkennzeichnung gem\u00e4\u00df \u00a75 Telemediengesetz (TMG) und Informationspflicht im Sinne des \u00a755 Rundfunkstaatsvertrags (RStV)<\/p>\n<\/div>\n<p>Sandra Steinbrecher<\/p>\n<div class=\"ce_text first block\">\n<p>Dreherstr. 202<br \/>\n40625 D\u00fcsseldorf<\/p>\n<p><em>Tel.:<\/em><br \/>\n<em>E-Mail: steinbsa@icloud.com<\/em><\/p>\n<p><strong>Verantwortlich i.S.d. \u00a755 RStV<\/strong><\/p>\n<p>Sandra Steinbrecher<\/p>\n<\/div>\n<div class=\"ce_text block\">\n<h2>Haftungsausschluss<\/h2>\n<p>Dieser Webauftritt enth\u00e4lt auch Links zu anderen Webseiten, auf deren Inhalt wir keinen Einfluss haben. Zum Zeitpunkt der Erstellung dieses Webauftrittes bzw. zum Zeitpunkt der Linksetzung waren auf den verlinkten Seiten\u00a0keine Rechtsverst\u00f6\u00dfe erkennbar. Eine permanente Kontrolle dieser Seiten ist ohne konkrete Anhaltspunkte\u00a0auf eine m\u00f6gliche Rechtsverletzung nicht zumutbar. Werden uns Rechtsverletzungen bekannt oder bekannt gemacht, werden wir die entsprechenden Links umgehend entfernen.<\/p>\n<\/div>\n<div class=\"ce_text last block\">\n<h2>Haftungsausschluss f\u00fcr unberechtigt geltend gemachte Kosten<\/h2>\n<p>Wir sind um die urheberrechtliche Richtigkeit unserer Internetseite bem\u00fcht und greifen nur auf selbst erstellte Inhalte sowie auf lizensierte und lizenzfreie Werke zur\u00fcck.<\/p>\n<p>Sollten dennoch Inhalte oder Aufmachung der Internetseite Rechte Dritter oder gesetzliche Vorschriften verletzen, bitten wir um umgehende Mitteilung an den im Impressum genannten Verantwortlichen. Wir sichern zu, die geltend gemachte Verletzung unverz\u00fcglich zu pr\u00fcfen und zu Recht beanstandete Inhalte und Links sofort zu entfernen, so dass von Seiten des Berechtigten die Einschaltung eines Rechtsanwalts nicht erforderlich ist.<\/p>\n<p>Vom Berechtigten ohne vorherige Kontaktaufnahme mit uns ausgel\u00f6ste Rechtsberatungs- und andere Kosten werden wir aus diesem Grund vollumf\u00e4nglich zur\u00fcckweisen. Falls beabsichtigt wird, solche Kosten gerichtlich geltend zu machen, weisen wir darauf hin, dass wir in diesem Fall Gegenklage auf Nichttragung der Kosten wegen fehlender Urs\u00e4chlichkeit erheben werden. Wir danken f\u00fcr Ihr Verst\u00e4ndnis.<\/p>\n<\/div>\n","protected":false},"excerpt":{"rendered":"<p>Anbieterkennzeichnung gem\u00e4\u00df \u00a75 Telemediengesetz (TMG) und Informationspflicht im Sinne des \u00a755 Rundfunkstaatsvertrags (RStV) Sandra Steinbrecher Dreherstr. 202 40625 D\u00fcsseldorf Tel.: E-Mail: steinbsa@icloud.com Verantwortlich i.S.d. \u00a755 RStV Sandra Steinbrecher Haftungsausschluss Dieser Webauftritt enth\u00e4lt auch Links zu anderen Webseiten, auf deren Inhalt &hellip; <a href=\"https:\/\/tagesmutter.familiesteinbrecher.de\/index.php\/impressum\/\">Weiterlesen <span class=\"meta-nav\">&rarr;<\/span><\/a><\/p>\n","protected":false},"author":1,"featured_media":0,"parent":0,"menu_order":0,"comment_status":"closed","ping_status":"closed","template":"","meta":{"footnotes":""},"class_list":["post-25","page","type-page","status-publish","hentry"],"_links":{"self":[{"href":"https:\/\/tagesmutter.familiesteinbrecher.de\/index.php\/wp-json\/wp\/v2\/pages\/25","targetHints":{"allow":["GET"]}}],"collection":[{"href":"https:\/\/tagesmutter.familiesteinbrecher.de\/index.php\/wp-json\/wp\/v2\/pages"}],"about":[{"href":"https:\/\/tagesmutter.familiesteinbrecher.de\/index.php\/wp-json\/wp\/v2\/types\/page"}],"author":[{"embeddable":true,"href":"https:\/\/tagesmutter.familiesteinbrecher.de\/index.php\/wp-json\/wp\/v2\/users\/1"}],"replies":[{"embeddable":true,"href":"https:\/\/tagesmutter.familiesteinbrecher.de\/index.php\/wp-json\/wp\/v2\/comments?post=25"}],"version-history":[{"count":2,"href":"https:\/\/tagesmutter.familiesteinbrecher.de\/index.php\/wp-json\/wp\/v2\/pages\/25\/revisions"}],"predecessor-version":[{"id":27,"href":"https:\/\/tagesmutter.familiesteinbrecher.de\/index.php\/wp-json\/wp\/v2\/pages\/25\/revisions\/27"}],"wp:attachment":[{"href":"https:\/\/tagesmutter.familiesteinbrecher.de\/index.php\/wp-json\/wp\/v2\/media?parent=25"}],"curies":[{"name":"wp","href":"https:\/\/api.w.org\/{rel}","templated":true}]}}